{"id":109,"date":"2023-11-08T23:39:50","date_gmt":"2023-11-08T23:39:50","guid":{"rendered":"https:\/\/rosieknguyen.com\/?page_id=109"},"modified":"2025-11-04T00:09:15","modified_gmt":"2025-11-04T00:09:15","slug":"ismm-2","status":"publish","type":"page","link":"https:\/\/rosieknguyen.com\/index.php\/ismm-2\/","title":{"rendered":"ISMM"},"content":{"rendered":"\t\t<div data-elementor-type=\"wp-page\" data-elementor-id=\"109\" class=\"elementor elementor-109\">\n\t\t\t\t<div class=\"elementor-element elementor-element-dfcad18 e-flex e-con-boxed e-con e-parent\" data-id=\"dfcad18\" data-element_type=\"container\">\n\t\t\t\t\t<div class=\"e-con-inner\">\n\t\t\t\t<div class=\"elementor-element elementor-element-4abbc297 elementor-widget elementor-widget-text-editor\" data-id=\"4abbc297\" data-element_type=\"widget\" data-widget_type=\"text-editor.default\">\n\t\t\t\t<div class=\"elementor-widget-container\">\n\t\t\t\t\t\t\t<p class=\"has-medium-font-size\"><strong>International Summer Music Masterclasses<\/strong><\/p>\n<p class=\"has-medium-font-size\"><em style=\"color: var( --e-global-color-text ); font-family: var( --e-global-typography-text-font-family ), Sans-serif; font-weight: var( --e-global-typography-text-font-weight ); text-align: var(--text-align); font-size: 1rem;\">Norway &#8211; Poland &#8211; UK<\/em><\/p>\n<p><!-- \/wp:paragraph --><\/p>\n<p><!-- wp:paragraph --><\/p>\n<h3>2024 Nied\u017awied\u017a &#8211; Poland<\/h3>\n<p><!-- \/wp:paragraph --><\/p>\n<p><!-- wp:image {\"id\":340,\"sizeSlug\":\"large\",\"linkDestination\":\"none\"} --><\/p>\n<figure class=\"wp-block-image size-large\"><img fetchpriority=\"high\" decoding=\"async\" width=\"1024\" height=\"663\" class=\"wp-image-340\" src=\"http:\/\/rosieknguyen.com\/wp-content\/uploads\/2025\/02\/ISMM_2024-1024x663.jpg\" alt=\"\" srcset=\"https:\/\/rosieknguyen.com\/wp-content\/uploads\/2025\/02\/ISMM_2024-1024x663.jpg 1024w, https:\/\/rosieknguyen.com\/wp-content\/uploads\/2025\/02\/ISMM_2024-scaled-350x227.jpg 350w, https:\/\/rosieknguyen.com\/wp-content\/uploads\/2025\/02\/ISMM_2024-300x194.jpg 300w, https:\/\/rosieknguyen.com\/wp-content\/uploads\/2025\/02\/ISMM_2024-768x497.jpg 768w, https:\/\/rosieknguyen.com\/wp-content\/uploads\/2025\/02\/ISMM_2024-1536x995.jpg 1536w, https:\/\/rosieknguyen.com\/wp-content\/uploads\/2025\/02\/ISMM_2024-2048x1326.jpg 2048w\" sizes=\"(max-width: 767px) 89vw, (max-width: 1000px) 54vw, (max-width: 1071px) 543px, 580px\" \/><\/figure>\n<p><!-- \/wp:image --><\/p>\n<p><!-- wp:heading --><\/p>\n<h3>2023 Nied\u017awied\u017a &#8211; Poland. ISMM 10th Anniversary<\/h3>\n<p><!-- \/wp:heading --><\/p>\n<p><!-- wp:image {\"id\":339,\"sizeSlug\":\"large\",\"linkDestination\":\"none\"} --><\/p>\n<figure class=\"wp-block-image size-large\"><img decoding=\"async\" width=\"1024\" height=\"647\" class=\"wp-image-339\" src=\"http:\/\/rosieknguyen.com\/wp-content\/uploads\/2025\/02\/ISMM_2023-1024x647.jpg\" alt=\"\" srcset=\"https:\/\/rosieknguyen.com\/wp-content\/uploads\/2025\/02\/ISMM_2023-1024x647.jpg 1024w, https:\/\/rosieknguyen.com\/wp-content\/uploads\/2025\/02\/ISMM_2023-scaled-350x221.jpg 350w, https:\/\/rosieknguyen.com\/wp-content\/uploads\/2025\/02\/ISMM_2023-300x189.jpg 300w, https:\/\/rosieknguyen.com\/wp-content\/uploads\/2025\/02\/ISMM_2023-768x485.jpg 768w, https:\/\/rosieknguyen.com\/wp-content\/uploads\/2025\/02\/ISMM_2023-1536x970.jpg 1536w, https:\/\/rosieknguyen.com\/wp-content\/uploads\/2025\/02\/ISMM_2023-2048x1293.jpg 2048w\" sizes=\"(max-width: 767px) 89vw, (max-width: 1000px) 54vw, (max-width: 1071px) 543px, 580px\" \/><\/figure>\n<p><!-- \/wp:image --><\/p>\n<p><!-- wp:heading --><\/p>\n<h3>2022 Nied\u017awied\u017a &#8211; Poland<\/h3>\n<p><!-- \/wp:heading --><\/p>\n<p><!-- wp:image {\"id\":338,\"sizeSlug\":\"large\",\"linkDestination\":\"none\"} --><\/p>\n<figure class=\"wp-block-image size-large\"><img decoding=\"async\" width=\"1024\" height=\"577\" class=\"wp-image-338\" src=\"http:\/\/rosieknguyen.com\/wp-content\/uploads\/2025\/02\/ISMM_2022-1024x577.jpg\" alt=\"\" srcset=\"https:\/\/rosieknguyen.com\/wp-content\/uploads\/2025\/02\/ISMM_2022-1024x577.jpg 1024w, https:\/\/rosieknguyen.com\/wp-content\/uploads\/2025\/02\/ISMM_2022-scaled-350x197.jpg 350w, https:\/\/rosieknguyen.com\/wp-content\/uploads\/2025\/02\/ISMM_2022-300x169.jpg 300w, https:\/\/rosieknguyen.com\/wp-content\/uploads\/2025\/02\/ISMM_2022-768x432.jpg 768w, https:\/\/rosieknguyen.com\/wp-content\/uploads\/2025\/02\/ISMM_2022-1536x865.jpg 1536w, https:\/\/rosieknguyen.com\/wp-content\/uploads\/2025\/02\/ISMM_2022-2048x1153.jpg 2048w\" sizes=\"(max-width: 767px) 89vw, (max-width: 1000px) 54vw, (max-width: 1071px) 543px, 580px\" \/><\/figure>\n<p><!-- \/wp:image --><\/p>\n<p><!-- wp:heading --><\/p>\n<h3>2021 London &#8211; UK<\/h3>\n<p><!-- \/wp:heading --><\/p>\n<p><!-- wp:image {\"id\":337,\"sizeSlug\":\"large\",\"linkDestination\":\"none\"} --><\/p>\n<figure class=\"wp-block-image size-large\"><img loading=\"lazy\" decoding=\"async\" width=\"1024\" height=\"577\" class=\"wp-image-337\" src=\"http:\/\/rosieknguyen.com\/wp-content\/uploads\/2025\/02\/ISMM_2021-1024x577.jpg\" alt=\"\" srcset=\"https:\/\/rosieknguyen.com\/wp-content\/uploads\/2025\/02\/ISMM_2021-1024x577.jpg 1024w, https:\/\/rosieknguyen.com\/wp-content\/uploads\/2025\/02\/ISMM_2021-scaled-350x197.jpg 350w, https:\/\/rosieknguyen.com\/wp-content\/uploads\/2025\/02\/ISMM_2021-300x169.jpg 300w, https:\/\/rosieknguyen.com\/wp-content\/uploads\/2025\/02\/ISMM_2021-768x432.jpg 768w, https:\/\/rosieknguyen.com\/wp-content\/uploads\/2025\/02\/ISMM_2021-1536x865.jpg 1536w, https:\/\/rosieknguyen.com\/wp-content\/uploads\/2025\/02\/ISMM_2021-2048x1153.jpg 2048w\" sizes=\"(max-width: 767px) 89vw, (max-width: 1000px) 54vw, (max-width: 1071px) 543px, 580px\" \/><\/figure>\n<p><!-- \/wp:image --><\/p>\n<p><!-- wp:heading --><\/p>\n<h3>2020 Covid lockdown &#8211; no ISMM<\/h3>\n<p><!-- \/wp:heading --><\/p>\n<p><!-- wp:image {\"id\":343,\"sizeSlug\":\"large\",\"linkDestination\":\"none\"} --><\/p>\n<figure class=\"wp-block-image size-large\"><img loading=\"lazy\" decoding=\"async\" width=\"1024\" height=\"577\" class=\"wp-image-343\" src=\"https:\/\/rosieknguyen.com\/wp-content\/uploads\/2025\/02\/20200920_140330-1-1024x577.jpg\" alt=\"\" srcset=\"https:\/\/rosieknguyen.com\/wp-content\/uploads\/2025\/02\/20200920_140330-1-1024x577.jpg 1024w, https:\/\/rosieknguyen.com\/wp-content\/uploads\/2025\/02\/20200920_140330-1-scaled-350x197.jpg 350w, https:\/\/rosieknguyen.com\/wp-content\/uploads\/2025\/02\/20200920_140330-1-300x169.jpg 300w, https:\/\/rosieknguyen.com\/wp-content\/uploads\/2025\/02\/20200920_140330-1-768x432.jpg 768w, https:\/\/rosieknguyen.com\/wp-content\/uploads\/2025\/02\/20200920_140330-1-1536x865.jpg 1536w, https:\/\/rosieknguyen.com\/wp-content\/uploads\/2025\/02\/20200920_140330-1-2048x1153.jpg 2048w\" sizes=\"(max-width: 767px) 89vw, (max-width: 1000px) 54vw, (max-width: 1071px) 543px, 580px\" \/><\/figure>\n<p><!-- \/wp:image --><\/p>\n<p><!-- wp:heading --><\/p>\n<h3>2019 Nied\u017awied\u017a &#8211; Poland<\/h3>\n<p><!-- \/wp:heading --><\/p>\n<p><!-- wp:image {\"id\":336,\"sizeSlug\":\"large\",\"linkDestination\":\"none\"} --><\/p>\n<figure class=\"wp-block-image size-large\"><img loading=\"lazy\" decoding=\"async\" width=\"1024\" height=\"554\" class=\"wp-image-336\" src=\"http:\/\/rosieknguyen.com\/wp-content\/uploads\/2025\/02\/ISMM_2019-1024x554.jpg\" alt=\"\" srcset=\"https:\/\/rosieknguyen.com\/wp-content\/uploads\/2025\/02\/ISMM_2019-1024x554.jpg 1024w, https:\/\/rosieknguyen.com\/wp-content\/uploads\/2025\/02\/ISMM_2019-scaled-350x189.jpg 350w, https:\/\/rosieknguyen.com\/wp-content\/uploads\/2025\/02\/ISMM_2019-300x162.jpg 300w, https:\/\/rosieknguyen.com\/wp-content\/uploads\/2025\/02\/ISMM_2019-768x415.jpg 768w, https:\/\/rosieknguyen.com\/wp-content\/uploads\/2025\/02\/ISMM_2019-1536x830.jpg 1536w, https:\/\/rosieknguyen.com\/wp-content\/uploads\/2025\/02\/ISMM_2019-2048x1107.jpg 2048w\" sizes=\"(max-width: 767px) 89vw, (max-width: 1000px) 54vw, (max-width: 1071px) 543px, 580px\" \/><\/figure>\n<p><!-- \/wp:image --><\/p>\n<p><!-- wp:heading --><\/p>\n<h3>2018 Nied\u017awied\u017a &#8211; Poland<\/h3>\n<p><!-- \/wp:heading --><\/p>\n<p><!-- wp:image {\"id\":335,\"sizeSlug\":\"large\",\"linkDestination\":\"none\"} --><\/p>\n<figure class=\"wp-block-image size-large\"><img loading=\"lazy\" decoding=\"async\" width=\"1024\" height=\"686\" class=\"wp-image-335\" src=\"http:\/\/rosieknguyen.com\/wp-content\/uploads\/2025\/02\/ISMM_2018-1024x686.jpg\" alt=\"\" srcset=\"https:\/\/rosieknguyen.com\/wp-content\/uploads\/2025\/02\/ISMM_2018-1024x686.jpg 1024w, https:\/\/rosieknguyen.com\/wp-content\/uploads\/2025\/02\/ISMM_2018-350x235.jpg 350w, https:\/\/rosieknguyen.com\/wp-content\/uploads\/2025\/02\/ISMM_2018-300x201.jpg 300w, https:\/\/rosieknguyen.com\/wp-content\/uploads\/2025\/02\/ISMM_2018-768x515.jpg 768w, https:\/\/rosieknguyen.com\/wp-content\/uploads\/2025\/02\/ISMM_2018-1536x1029.jpg 1536w, https:\/\/rosieknguyen.com\/wp-content\/uploads\/2025\/02\/ISMM_2018.jpg 1600w\" sizes=\"(max-width: 767px) 89vw, (max-width: 1000px) 54vw, (max-width: 1071px) 543px, 580px\" \/><\/figure>\n<p><!-- \/wp:image --><\/p>\n<p><!-- wp:heading --><\/p>\n<h3>2017 Sofiemyr &#8211; Norway<\/h3>\n<p><!-- \/wp:heading --><\/p>\n<p><!-- wp:image {\"id\":334,\"sizeSlug\":\"large\",\"linkDestination\":\"none\"} --><\/p>\n<figure class=\"wp-block-image size-large\"><img loading=\"lazy\" decoding=\"async\" width=\"1024\" height=\"576\" class=\"wp-image-334\" src=\"http:\/\/rosieknguyen.com\/wp-content\/uploads\/2025\/02\/ISMM_2017-1024x576.jpg\" alt=\"\" srcset=\"https:\/\/rosieknguyen.com\/wp-content\/uploads\/2025\/02\/ISMM_2017-1024x576.jpg 1024w, https:\/\/rosieknguyen.com\/wp-content\/uploads\/2025\/02\/ISMM_2017-scaled-350x197.jpg 350w, https:\/\/rosieknguyen.com\/wp-content\/uploads\/2025\/02\/ISMM_2017-300x169.jpg 300w, https:\/\/rosieknguyen.com\/wp-content\/uploads\/2025\/02\/ISMM_2017-768x432.jpg 768w, https:\/\/rosieknguyen.com\/wp-content\/uploads\/2025\/02\/ISMM_2017-1536x864.jpg 1536w, https:\/\/rosieknguyen.com\/wp-content\/uploads\/2025\/02\/ISMM_2017-2048x1152.jpg 2048w\" sizes=\"(max-width: 767px) 89vw, (max-width: 1000px) 54vw, (max-width: 1071px) 543px, 580px\" \/><\/figure>\n<p><!-- \/wp:image --><\/p>\n<p><!-- wp:heading --><\/p>\n<p>2016 Sofiemyr &#8211; Norway<\/p>\n<p><!-- \/wp:heading --><\/p>\n<p><!-- wp:image {\"id\":333,\"sizeSlug\":\"large\",\"linkDestination\":\"none\"} --><\/p>\n<figure class=\"wp-block-image size-large\"><img loading=\"lazy\" decoding=\"async\" width=\"1024\" height=\"576\" class=\"wp-image-333\" src=\"http:\/\/rosieknguyen.com\/wp-content\/uploads\/2025\/02\/ISMM_2016-1024x576.jpg\" alt=\"\" srcset=\"https:\/\/rosieknguyen.com\/wp-content\/uploads\/2025\/02\/ISMM_2016-1024x576.jpg 1024w, https:\/\/rosieknguyen.com\/wp-content\/uploads\/2025\/02\/ISMM_2016-scaled-350x197.jpg 350w, https:\/\/rosieknguyen.com\/wp-content\/uploads\/2025\/02\/ISMM_2016-300x169.jpg 300w, https:\/\/rosieknguyen.com\/wp-content\/uploads\/2025\/02\/ISMM_2016-768x432.jpg 768w, https:\/\/rosieknguyen.com\/wp-content\/uploads\/2025\/02\/ISMM_2016-1536x864.jpg 1536w, https:\/\/rosieknguyen.com\/wp-content\/uploads\/2025\/02\/ISMM_2016-2048x1152.jpg 2048w\" sizes=\"(max-width: 767px) 89vw, (max-width: 1000px) 54vw, (max-width: 1071px) 543px, 580px\" \/><\/figure>\n<p><!-- \/wp:image --><\/p>\n<p><!-- wp:heading --><\/p>\n<h3>2015 Sofiemyr &#8211; Norway<\/h3>\n<p><!-- \/wp:heading --><\/p>\n<p><!-- wp:image {\"id\":332,\"sizeSlug\":\"large\",\"linkDestination\":\"none\"} --><\/p>\n<figure class=\"wp-block-image size-large\"><img loading=\"lazy\" decoding=\"async\" width=\"1024\" height=\"673\" class=\"wp-image-332\" src=\"http:\/\/rosieknguyen.com\/wp-content\/uploads\/2025\/02\/ISMM_2015-1024x673.jpg\" alt=\"\" srcset=\"https:\/\/rosieknguyen.com\/wp-content\/uploads\/2025\/02\/ISMM_2015-1024x673.jpg 1024w, https:\/\/rosieknguyen.com\/wp-content\/uploads\/2025\/02\/ISMM_2015-scaled-350x230.jpg 350w, https:\/\/rosieknguyen.com\/wp-content\/uploads\/2025\/02\/ISMM_2015-300x197.jpg 300w, https:\/\/rosieknguyen.com\/wp-content\/uploads\/2025\/02\/ISMM_2015-768x505.jpg 768w, https:\/\/rosieknguyen.com\/wp-content\/uploads\/2025\/02\/ISMM_2015-1536x1010.jpg 1536w, https:\/\/rosieknguyen.com\/wp-content\/uploads\/2025\/02\/ISMM_2015-2048x1346.jpg 2048w\" sizes=\"(max-width: 767px) 89vw, (max-width: 1000px) 54vw, (max-width: 1071px) 543px, 580px\" \/><\/figure>\n<p><!-- \/wp:image --><\/p>\n<p><!-- wp:heading --><\/p>\n<h3>2014 Kolbotn &#8211; Norway<\/h3>\n<p><!-- \/wp:heading --><\/p>\n<p><!-- wp:image {\"id\":331,\"sizeSlug\":\"large\",\"linkDestination\":\"none\"} --><\/p>\n<figure class=\"wp-block-image size-large\"><img loading=\"lazy\" decoding=\"async\" width=\"1024\" height=\"576\" class=\"wp-image-331\" src=\"http:\/\/rosieknguyen.com\/wp-content\/uploads\/2025\/02\/ISMM_2014-1024x576.jpg\" alt=\"\" srcset=\"https:\/\/rosieknguyen.com\/wp-content\/uploads\/2025\/02\/ISMM_2014-1024x576.jpg 1024w, https:\/\/rosieknguyen.com\/wp-content\/uploads\/2025\/02\/ISMM_2014-scaled-350x197.jpg 350w, https:\/\/rosieknguyen.com\/wp-content\/uploads\/2025\/02\/ISMM_2014-300x169.jpg 300w, https:\/\/rosieknguyen.com\/wp-content\/uploads\/2025\/02\/ISMM_2014-768x432.jpg 768w, https:\/\/rosieknguyen.com\/wp-content\/uploads\/2025\/02\/ISMM_2014-1536x864.jpg 1536w, https:\/\/rosieknguyen.com\/wp-content\/uploads\/2025\/02\/ISMM_2014-2048x1152.jpg 2048w\" sizes=\"(max-width: 767px) 89vw, (max-width: 1000px) 54vw, (max-width: 1071px) 543px, 580px\" \/><\/figure>\n<p><!-- \/wp:image --><\/p>\n<p><!-- wp:heading --><\/p>\n<h3>2013 Kolbotn &#8211; Norway. 1st ISMM<\/h3>\n<p><!-- \/wp:heading --><\/p>\n<p><!-- wp:image {\"id\":330,\"sizeSlug\":\"large\",\"linkDestination\":\"none\"} --><\/p>\n<figure class=\"wp-block-image size-large\"><img loading=\"lazy\" decoding=\"async\" width=\"1024\" height=\"683\" class=\"wp-image-330\" src=\"http:\/\/rosieknguyen.com\/wp-content\/uploads\/2025\/02\/ISMM_2013-1024x683.jpg\" alt=\"\" srcset=\"https:\/\/rosieknguyen.com\/wp-content\/uploads\/2025\/02\/ISMM_2013-1024x683.jpg 1024w, https:\/\/rosieknguyen.com\/wp-content\/uploads\/2025\/02\/ISMM_2013-scaled-350x233.jpg 350w, https:\/\/rosieknguyen.com\/wp-content\/uploads\/2025\/02\/ISMM_2013-300x200.jpg 300w, https:\/\/rosieknguyen.com\/wp-content\/uploads\/2025\/02\/ISMM_2013-768x512.jpg 768w, https:\/\/rosieknguyen.com\/wp-content\/uploads\/2025\/02\/ISMM_2013-1536x1024.jpg 1536w, https:\/\/rosieknguyen.com\/wp-content\/uploads\/2025\/02\/ISMM_2013-2048x1365.jpg 2048w\" sizes=\"(max-width: 767px) 89vw, (max-width: 1000px) 54vw, (max-width: 1071px) 543px, 580px\" \/><\/figure>\n<p><!-- \/wp:image --><\/p>\n<p><!-- wp:paragraph --><\/p>\n<p><!-- \/wp:paragraph --><\/p>\t\t\t\t\t\t<\/div>\n\t\t\t\t<\/div>\n\t\t\t\t\t<\/div>\n\t\t\t\t<\/div>\n\t\t\t\t<\/div>\n\t\t","protected":false},"excerpt":{"rendered":"<p>International Summer Music Masterclasses Norway &#8211; Poland &#8211; UK 2025 Nied\u017awied\u017a &#8211; Poland &nbsp; &nbsp; 2024 Nied\u017awied\u017a &#8211; Poland 2023 Nied\u017awied\u017a &#8211; Poland. ISMM 10th Anniversary 2022 Nied\u017awied\u017a &#8211; Poland 2021 London &#8211; UK 2020 Covid lockdown &#8211; no ISMM 2019 Nied\u017awied\u017a &#8211; Poland 2018 Nied\u017awied\u017a &#8211; Poland 2017 Sofiemyr &#8211; Norway 2016 Sofiemyr &#8211; &hellip; <\/p>\n<p class=\"link-more\"><a href=\"https:\/\/rosieknguyen.com\/index.php\/ismm-2\/\" class=\"more-link\">Continue reading<span class=\"screen-reader-text\"> &#8220;ISMM&#8221;<\/span><\/a><\/p>\n","protected":false},"author":1,"featured_media":0,"parent":0,"menu_order":0,"comment_status":"closed","ping_status":"closed","template":"","meta":{"footnotes":""},"class_list":["post-109","page","type-page","status-publish","hentry"],"_links":{"self":[{"href":"https:\/\/rosieknguyen.com\/index.php\/wp-json\/wp\/v2\/pages\/109","targetHints":{"allow":["GET"]}}],"collection":[{"href":"https:\/\/rosieknguyen.com\/index.php\/wp-json\/wp\/v2\/pages"}],"about":[{"href":"https:\/\/rosieknguyen.com\/index.php\/wp-json\/wp\/v2\/types\/page"}],"author":[{"embeddable":true,"href":"https:\/\/rosieknguyen.com\/index.php\/wp-json\/wp\/v2\/users\/1"}],"replies":[{"embeddable":true,"href":"https:\/\/rosieknguyen.com\/index.php\/wp-json\/wp\/v2\/comments?post=109"}],"version-history":[{"count":25,"href":"https:\/\/rosieknguyen.com\/index.php\/wp-json\/wp\/v2\/pages\/109\/revisions"}],"predecessor-version":[{"id":657,"href":"https:\/\/rosieknguyen.com\/index.php\/wp-json\/wp\/v2\/pages\/109\/revisions\/657"}],"wp:attachment":[{"href":"https:\/\/rosieknguyen.com\/index.php\/wp-json\/wp\/v2\/media?parent=109"}],"curies":[{"name":"wp","href":"https:\/\/api.w.org\/{rel}","templated":true}]}}